{"id":2561,"date":"2024-02-14T11:26:44","date_gmt":"2024-02-14T11:26:44","guid":{"rendered":"https:\/\/shop.massageerotic.cz\/product\/darkovy-poukaz-na-gay-masaz\/"},"modified":"2026-01-19T14:33:08","modified_gmt":"2026-01-19T14:33:08","slug":"gay-massage-gift-voucher","status":"publish","type":"product","link":"https:\/\/shop.massageerotic.cz\/en\/product\/gay-massage-gift-voucher\/","title":{"rendered":"Gay massage gift voucher"},"content":{"rendered":"","protected":false},"excerpt":{"rendered":"<p><span style=\"font-weight: 400;\">Want to revive your love life? Do you want to try something new, something you haven&#8217;t experienced before? Erotic gay massage is here for you and your needs.<\/span><\/p>\n<p>&nbsp;<\/p>\n<h3>The course of the massage:<\/h3>\n<ol>\n<li>Shared shower with masseur (on request).<\/li>\n<li>Erotic massage with warm oil, when the masseur combines different techniques. The masseur is naked throughout the massage.<\/li>\n<li>Touching the masseuse is allowed.<\/li>\n<li>During the final part of the massage, the masseur moves to the intimate parts, including the penis and testicles. The masseur will massage you and bring you to orgasm. There is no limit to the number of climaxes.<\/li>\n<li>After the final joint shower, enjoy free drinks (coffee, tea, alcohol) with the masseur.<\/li>\n<\/ol>\n<div class=\"wpb_text_column\">\n<div class=\"wpb_wrapper\">\n<p>More information about <a href=\"https:\/\/massageerotic.cz\/massages\/gay-massage\/\"><span style=\"font-weight: 400;\">gay massage.<\/span><\/a><\/p>\n<\/div>\n<\/div>\n","protected":false},"featured_media":4563,"template":"","meta":{"_acf_changed":false},"product_brand":[],"product_cat":[54],"product_tag":[],"class_list":{"0":"post-2561","1":"product","2":"type-product","3":"status-publish","4":"has-post-thumbnail","6":"product_cat-gift-voucher","8":"first","9":"instock","10":"taxable","11":"shipping-taxable","12":"purchasable","13":"product-type-variable","14":"has-default-attributes"},"acf":[],"yoast_head":"<!-- This site is optimized with the Yoast SEO Premium plugin v22.3 (Yoast SEO v24.8.1) - https:\/\/yoast.com\/wordpress\/plugins\/seo\/ -->\n<title>Gay massage gift voucher - Tiffany Shop<\/title>\n<meta name=\"description\" content=\"Want to revive your love life? Do you want to try something new, something you haven&#039;t experienced before? Erotic gay massage is here for you and your needs.\" \/>\n<meta name=\"robots\" content=\"index, follow, max-snippet:-1, max-image-preview:large, max-video-preview:-1\" \/>\n<link rel=\"canonical\" href=\"https:\/\/shop.massageerotic.cz\/en\/product\/gay-massage-gift-voucher\/\" \/>\n<meta property=\"og:locale\" content=\"en_US\" \/>\n<meta property=\"og:type\" content=\"article\" \/>\n<meta property=\"og:title\" content=\"Gay massage gift voucher\" \/>\n<meta property=\"og:description\" content=\"Want to revive your love life? Do you want to try something new, something you haven&#039;t experienced before? Erotic gay massage is here for you and your needs.\" \/>\n<meta property=\"og:url\" content=\"https:\/\/shop.massageerotic.cz\/en\/product\/gay-massage-gift-voucher\/\" \/>\n<meta property=\"og:site_name\" content=\"Tiffany Shop\" \/>\n<meta property=\"article:modified_time\" content=\"2026-01-19T14:33:08+00:00\" \/>\n<meta property=\"og:image\" content=\"https:\/\/shop.massageerotic.cz\/wp-content\/uploads\/2024\/02\/\u043c\u043e\u043a\u0430\u043f_Gay-massage.png\" \/>\n\t<meta property=\"og:image:width\" content=\"2000\" \/>\n\t<meta property=\"og:image:height\" content=\"2000\" \/>\n\t<meta property=\"og:image:type\" content=\"image\/png\" \/>\n<meta name=\"twitter:card\" content=\"summary_large_image\" \/>\n<meta name=\"twitter:label1\" content=\"Availability\" \/>\n\t<meta name=\"twitter:data1\" content=\"In stock\" \/>\n<script type=\"application\/ld+json\" class=\"yoast-schema-graph\">{\"@context\":\"https:\/\/schema.org\",\"@graph\":[{\"@type\":\"WebPage\",\"@id\":\"https:\/\/shop.massageerotic.cz\/en\/product\/gay-massage-gift-voucher\/\",\"url\":\"https:\/\/shop.massageerotic.cz\/en\/product\/gay-massage-gift-voucher\/\",\"name\":\"Gay massage gift voucher - Tiffany Shop\",\"isPartOf\":{\"@id\":\"https:\/\/shop.massageerotic.cz\/en\/#website\"},\"primaryImageOfPage\":{\"@id\":\"https:\/\/shop.massageerotic.cz\/en\/product\/gay-massage-gift-voucher\/#primaryimage\"},\"image\":{\"@id\":\"https:\/\/shop.massageerotic.cz\/en\/product\/gay-massage-gift-voucher\/#primaryimage\"},\"thumbnailUrl\":\"https:\/\/shop.massageerotic.cz\/wp-content\/uploads\/2024\/02\/\u043c\u043e\u043a\u0430\u043f_Gay-massage.png\",\"datePublished\":\"2024-02-14T11:26:44+00:00\",\"dateModified\":\"2026-01-19T14:33:08+00:00\",\"description\":\"Want to revive your love life? Do you want to try something new, something you haven't experienced before? Erotic gay massage is here for you and your needs.\",\"breadcrumb\":{\"@id\":\"https:\/\/shop.massageerotic.cz\/en\/product\/gay-massage-gift-voucher\/#breadcrumb\"},\"inLanguage\":\"en-US\",\"potentialAction\":[{\"@type\":\"ReadAction\",\"target\":[\"https:\/\/shop.massageerotic.cz\/en\/product\/gay-massage-gift-voucher\/\"]}]},{\"@type\":\"ImageObject\",\"inLanguage\":\"en-US\",\"@id\":\"https:\/\/shop.massageerotic.cz\/en\/product\/gay-massage-gift-voucher\/#primaryimage\",\"url\":\"https:\/\/shop.massageerotic.cz\/wp-content\/uploads\/2024\/02\/\u043c\u043e\u043a\u0430\u043f_Gay-massage.png\",\"contentUrl\":\"https:\/\/shop.massageerotic.cz\/wp-content\/uploads\/2024\/02\/\u043c\u043e\u043a\u0430\u043f_Gay-massage.png\",\"width\":2000,\"height\":2000,\"caption\":\"Gay massage\"},{\"@type\":\"BreadcrumbList\",\"@id\":\"https:\/\/shop.massageerotic.cz\/en\/product\/gay-massage-gift-voucher\/#breadcrumb\",\"itemListElement\":[{\"@type\":\"ListItem\",\"position\":1,\"name\":\"Dom\u016f\",\"item\":\"https:\/\/shop.massageerotic.cz\/en\/\"},{\"@type\":\"ListItem\",\"position\":2,\"name\":\"Products\",\"item\":\"https:\/\/shop.massageerotic.cz\/en\/shop\/\"},{\"@type\":\"ListItem\",\"position\":3,\"name\":\"Gay massage gift voucher\"}]},{\"@type\":\"WebSite\",\"@id\":\"https:\/\/shop.massageerotic.cz\/en\/#website\",\"url\":\"https:\/\/shop.massageerotic.cz\/en\/\",\"name\":\"Tiffany Shop\",\"description\":\"D\u00e1rkov\u00e9 poukazy na erotick\u00e9 mas\u00e1\u017ee v Praze - Tiffany Shop\",\"publisher\":{\"@id\":\"https:\/\/shop.massageerotic.cz\/en\/#organization\"},\"potentialAction\":[{\"@type\":\"SearchAction\",\"target\":{\"@type\":\"EntryPoint\",\"urlTemplate\":\"https:\/\/shop.massageerotic.cz\/en\/?s={search_term_string}\"},\"query-input\":{\"@type\":\"PropertyValueSpecification\",\"valueRequired\":true,\"valueName\":\"search_term_string\"}}],\"inLanguage\":\"en-US\"},{\"@type\":[\"Organization\",\"Place\"],\"@id\":\"https:\/\/shop.massageerotic.cz\/en\/#organization\",\"name\":\"Tiffany Shop\",\"url\":\"https:\/\/shop.massageerotic.cz\/en\/\",\"logo\":{\"@id\":\"https:\/\/shop.massageerotic.cz\/en\/product\/gay-massage-gift-voucher\/#local-main-organization-logo\"},\"image\":{\"@id\":\"https:\/\/shop.massageerotic.cz\/en\/product\/gay-massage-gift-voucher\/#local-main-organization-logo\"},\"publishingPrinciples\":\"https:\/\/shop.massageerotic.cz\/zasady-ochrany-osobnich-udaju\/\",\"openingHoursSpecification\":[{\"@type\":\"OpeningHoursSpecification\",\"dayOfWeek\":[\"Monday\",\"Tuesday\",\"Wednesday\",\"Thursday\",\"Friday\",\"Saturday\",\"Sunday\"],\"opens\":\"09:00\",\"closes\":\"17:00\"}]},{\"@type\":\"ImageObject\",\"inLanguage\":\"en-US\",\"@id\":\"https:\/\/shop.massageerotic.cz\/en\/product\/gay-massage-gift-voucher\/#local-main-organization-logo\",\"url\":\"https:\/\/shop.massageerotic.cz\/wp-content\/uploads\/2025\/04\/logo_tiffany.svg\",\"contentUrl\":\"https:\/\/shop.massageerotic.cz\/wp-content\/uploads\/2025\/04\/logo_tiffany.svg\",\"width\":244,\"height\":65,\"caption\":\"Tiffany Shop\"}]}<\/script>\n<meta property=\"og:availability\" content=\"instock\" \/>\n<meta property=\"product:availability\" content=\"instock\" \/>\n<meta property=\"product:condition\" content=\"new\" \/>\n<!-- \/ Yoast SEO Premium plugin. -->","yoast_head_json":{"title":"Gay massage gift voucher - Tiffany Shop","description":"Want to revive your love life? Do you want to try something new, something you haven't experienced before? Erotic gay massage is here for you and your needs.","robots":{"index":"index","follow":"follow","max-snippet":"max-snippet:-1","max-image-preview":"max-image-preview:large","max-video-preview":"max-video-preview:-1"},"canonical":"https:\/\/shop.massageerotic.cz\/en\/product\/gay-massage-gift-voucher\/","og_locale":"en_US","og_type":"article","og_title":"Gay massage gift voucher","og_description":"Want to revive your love life? Do you want to try something new, something you haven't experienced before? Erotic gay massage is here for you and your needs.","og_url":"https:\/\/shop.massageerotic.cz\/en\/product\/gay-massage-gift-voucher\/","og_site_name":"Tiffany Shop","article_modified_time":"2026-01-19T14:33:08+00:00","og_image":[{"width":2000,"height":2000,"url":"https:\/\/shop.massageerotic.cz\/wp-content\/uploads\/2024\/02\/\u043c\u043e\u043a\u0430\u043f_Gay-massage.png","type":"image\/png"}],"twitter_card":"summary_large_image","twitter_misc":{"Availability":"In stock"},"schema":{"@context":"https:\/\/schema.org","@graph":[{"@type":"WebPage","@id":"https:\/\/shop.massageerotic.cz\/en\/product\/gay-massage-gift-voucher\/","url":"https:\/\/shop.massageerotic.cz\/en\/product\/gay-massage-gift-voucher\/","name":"Gay massage gift voucher - Tiffany Shop","isPartOf":{"@id":"https:\/\/shop.massageerotic.cz\/en\/#website"},"primaryImageOfPage":{"@id":"https:\/\/shop.massageerotic.cz\/en\/product\/gay-massage-gift-voucher\/#primaryimage"},"image":{"@id":"https:\/\/shop.massageerotic.cz\/en\/product\/gay-massage-gift-voucher\/#primaryimage"},"thumbnailUrl":"https:\/\/shop.massageerotic.cz\/wp-content\/uploads\/2024\/02\/\u043c\u043e\u043a\u0430\u043f_Gay-massage.png","datePublished":"2024-02-14T11:26:44+00:00","dateModified":"2026-01-19T14:33:08+00:00","description":"Want to revive your love life? Do you want to try something new, something you haven't experienced before? Erotic gay massage is here for you and your needs.","breadcrumb":{"@id":"https:\/\/shop.massageerotic.cz\/en\/product\/gay-massage-gift-voucher\/#breadcrumb"},"inLanguage":"en-US","potentialAction":[{"@type":"ReadAction","target":["https:\/\/shop.massageerotic.cz\/en\/product\/gay-massage-gift-voucher\/"]}]},{"@type":"ImageObject","inLanguage":"en-US","@id":"https:\/\/shop.massageerotic.cz\/en\/product\/gay-massage-gift-voucher\/#primaryimage","url":"https:\/\/shop.massageerotic.cz\/wp-content\/uploads\/2024\/02\/\u043c\u043e\u043a\u0430\u043f_Gay-massage.png","contentUrl":"https:\/\/shop.massageerotic.cz\/wp-content\/uploads\/2024\/02\/\u043c\u043e\u043a\u0430\u043f_Gay-massage.png","width":2000,"height":2000,"caption":"Gay massage"},{"@type":"BreadcrumbList","@id":"https:\/\/shop.massageerotic.cz\/en\/product\/gay-massage-gift-voucher\/#breadcrumb","itemListElement":[{"@type":"ListItem","position":1,"name":"Dom\u016f","item":"https:\/\/shop.massageerotic.cz\/en\/"},{"@type":"ListItem","position":2,"name":"Products","item":"https:\/\/shop.massageerotic.cz\/en\/shop\/"},{"@type":"ListItem","position":3,"name":"Gay massage gift voucher"}]},{"@type":"WebSite","@id":"https:\/\/shop.massageerotic.cz\/en\/#website","url":"https:\/\/shop.massageerotic.cz\/en\/","name":"Tiffany Shop","description":"D\u00e1rkov\u00e9 poukazy na erotick\u00e9 mas\u00e1\u017ee v Praze - Tiffany Shop","publisher":{"@id":"https:\/\/shop.massageerotic.cz\/en\/#organization"},"potentialAction":[{"@type":"SearchAction","target":{"@type":"EntryPoint","urlTemplate":"https:\/\/shop.massageerotic.cz\/en\/?s={search_term_string}"},"query-input":{"@type":"PropertyValueSpecification","valueRequired":true,"valueName":"search_term_string"}}],"inLanguage":"en-US"},{"@type":["Organization","Place"],"@id":"https:\/\/shop.massageerotic.cz\/en\/#organization","name":"Tiffany Shop","url":"https:\/\/shop.massageerotic.cz\/en\/","logo":{"@id":"https:\/\/shop.massageerotic.cz\/en\/product\/gay-massage-gift-voucher\/#local-main-organization-logo"},"image":{"@id":"https:\/\/shop.massageerotic.cz\/en\/product\/gay-massage-gift-voucher\/#local-main-organization-logo"},"publishingPrinciples":"https:\/\/shop.massageerotic.cz\/zasady-ochrany-osobnich-udaju\/","openingHoursSpecification":[{"@type":"OpeningHoursSpecification","dayOfWeek":["Monday","Tuesday","Wednesday","Thursday","Friday","Saturday","Sunday"],"opens":"09:00","closes":"17:00"}]},{"@type":"ImageObject","inLanguage":"en-US","@id":"https:\/\/shop.massageerotic.cz\/en\/product\/gay-massage-gift-voucher\/#local-main-organization-logo","url":"https:\/\/shop.massageerotic.cz\/wp-content\/uploads\/2025\/04\/logo_tiffany.svg","contentUrl":"https:\/\/shop.massageerotic.cz\/wp-content\/uploads\/2025\/04\/logo_tiffany.svg","width":244,"height":65,"caption":"Tiffany Shop"}]},"og_availability":"instock","product_availability":"instock","product_condition":"new"},"_links":{"self":[{"href":"https:\/\/shop.massageerotic.cz\/en\/wp-json\/wp\/v2\/product\/2561","targetHints":{"allow":["GET"]}}],"collection":[{"href":"https:\/\/shop.massageerotic.cz\/en\/wp-json\/wp\/v2\/product"}],"about":[{"href":"https:\/\/shop.massageerotic.cz\/en\/wp-json\/wp\/v2\/types\/product"}],"wp:featuredmedia":[{"embeddable":true,"href":"https:\/\/shop.massageerotic.cz\/en\/wp-json\/wp\/v2\/media\/4563"}],"wp:attachment":[{"href":"https:\/\/shop.massageerotic.cz\/en\/wp-json\/wp\/v2\/media?parent=2561"}],"wp:term":[{"taxonomy":"product_brand","embeddable":true,"href":"https:\/\/shop.massageerotic.cz\/en\/wp-json\/wp\/v2\/product_brand?post=2561"},{"taxonomy":"product_cat","embeddable":true,"href":"https:\/\/shop.massageerotic.cz\/en\/wp-json\/wp\/v2\/product_cat?post=2561"},{"taxonomy":"product_tag","embeddable":true,"href":"https:\/\/shop.massageerotic.cz\/en\/wp-json\/wp\/v2\/product_tag?post=2561"}],"curies":[{"name":"wp","href":"https:\/\/api.w.org\/{rel}","templated":true}]}}