{"id":2557,"date":"2024-02-14T11:27:14","date_gmt":"2024-02-14T11:27:14","guid":{"rendered":"https:\/\/shop.massageerotic.cz\/product\/darkovy-poukaz-na-erotickou-masaz-pro-zeny\/"},"modified":"2026-01-19T15:02:15","modified_gmt":"2026-01-19T15:02:15","slug":"gift-voucher-for-erotic-massage-for-women","status":"publish","type":"product","link":"https:\/\/shop.massageerotic.cz\/en\/product\/gift-voucher-for-erotic-massage-for-women\/","title":{"rendered":"Gift voucher for erotic massage for women"},"content":{"rendered":"","protected":false},"excerpt":{"rendered":"<p><span style=\"font-weight: 400;\">Experience real pleasure, a beautiful and exceptional feeling. Erotic massage for women is a sensual, intense and relaxing massage.<\/span><\/p>\n<h4><span style=\"font-weight: 400;\">Masseuse or masseuse included in the price.<\/span><\/h4>\n<p>&nbsp;<\/p>\n<h3><span style=\"font-weight: 400;\">The course of the massage:<\/span><\/h3>\n<ol>\n<li>A shared shower with a masseuse who already warms you up for the massage in the shower.<\/li>\n<li>Erotic massage with warm oil, when the masseuse combines different techniques. The masseuse is naked throughout the massage.<\/li>\n<li>Touching the masseuse\/masseur is allowed.<\/li>\n<li>The last part of the massage, when the masseuse moves to the intimate parts that include the &#8220;yoni&#8221;. The masseuse will massage you until you climax. There is no limit to the number of climaxes.<\/li>\n<li>After the final shared shower, enjoy free drinks (coffee, tea, alcohol) with the masseuse.<\/li>\n<\/ol>\n<div class=\"wpb_text_column\">\n<div class=\"wpb_wrapper\">\n<p>More information about <a href=\"https:\/\/massageerotic.cz\/massages\/massage-for-woman\/\"><span style=\"font-weight: 400;\">massage for woman.<\/span><\/a><\/p>\n<\/div>\n<\/div>\n","protected":false},"featured_media":4589,"template":"","meta":{"_acf_changed":false},"product_brand":[],"product_cat":[54],"product_tag":[],"class_list":{"0":"post-2557","1":"product","2":"type-product","3":"status-publish","4":"has-post-thumbnail","6":"product_cat-gift-voucher","8":"first","9":"instock","10":"taxable","11":"shipping-taxable","12":"purchasable","13":"product-type-variable","14":"has-default-attributes"},"acf":[],"yoast_head":"<!-- This site is optimized with the Yoast SEO Premium plugin v22.3 (Yoast SEO v24.8.1) - https:\/\/yoast.com\/wordpress\/plugins\/seo\/ -->\n<title>Gift voucher for erotic massage for women in Prague - Tiffany Shop<\/title>\n<meta name=\"description\" content=\"Experience real pleasure, a beautiful and exceptional feeling. Erotic massage for women is a sensual, intense and relaxing massage.\" \/>\n<meta name=\"robots\" content=\"index, follow, max-snippet:-1, max-image-preview:large, max-video-preview:-1\" \/>\n<link rel=\"canonical\" href=\"https:\/\/shop.massageerotic.cz\/en\/product\/gift-voucher-for-erotic-massage-for-women\/\" \/>\n<meta property=\"og:locale\" content=\"en_US\" \/>\n<meta property=\"og:type\" content=\"article\" \/>\n<meta property=\"og:title\" content=\"Gift voucher for erotic massage for women\" \/>\n<meta property=\"og:description\" content=\"Experience real pleasure, a beautiful and exceptional feeling. Erotic massage for women is a sensual, intense and relaxing massage.\" \/>\n<meta property=\"og:url\" content=\"https:\/\/shop.massageerotic.cz\/en\/product\/gift-voucher-for-erotic-massage-for-women\/\" \/>\n<meta property=\"og:site_name\" content=\"Tiffany Shop\" \/>\n<meta property=\"article:modified_time\" content=\"2026-01-19T15:02:15+00:00\" \/>\n<meta property=\"og:image\" content=\"https:\/\/shop.massageerotic.cz\/wp-content\/uploads\/2024\/02\/Massage-for-women.png\" \/>\n\t<meta property=\"og:image:width\" content=\"2000\" \/>\n\t<meta property=\"og:image:height\" content=\"2000\" \/>\n\t<meta property=\"og:image:type\" content=\"image\/png\" \/>\n<meta name=\"twitter:card\" content=\"summary_large_image\" \/>\n<meta name=\"twitter:label1\" content=\"Availability\" \/>\n\t<meta name=\"twitter:data1\" content=\"In stock\" \/>\n<script type=\"application\/ld+json\" class=\"yoast-schema-graph\">{\"@context\":\"https:\/\/schema.org\",\"@graph\":[{\"@type\":\"WebPage\",\"@id\":\"https:\/\/shop.massageerotic.cz\/en\/product\/gift-voucher-for-erotic-massage-for-women\/\",\"url\":\"https:\/\/shop.massageerotic.cz\/en\/product\/gift-voucher-for-erotic-massage-for-women\/\",\"name\":\"Gift voucher for erotic massage for women in Prague - Tiffany Shop\",\"isPartOf\":{\"@id\":\"https:\/\/shop.massageerotic.cz\/en\/#website\"},\"primaryImageOfPage\":{\"@id\":\"https:\/\/shop.massageerotic.cz\/en\/product\/gift-voucher-for-erotic-massage-for-women\/#primaryimage\"},\"image\":{\"@id\":\"https:\/\/shop.massageerotic.cz\/en\/product\/gift-voucher-for-erotic-massage-for-women\/#primaryimage\"},\"thumbnailUrl\":\"https:\/\/shop.massageerotic.cz\/wp-content\/uploads\/2024\/02\/Massage-for-women.png\",\"datePublished\":\"2024-02-14T11:27:14+00:00\",\"dateModified\":\"2026-01-19T15:02:15+00:00\",\"description\":\"Experience real pleasure, a beautiful and exceptional feeling. Erotic massage for women is a sensual, intense and relaxing massage.\",\"breadcrumb\":{\"@id\":\"https:\/\/shop.massageerotic.cz\/en\/product\/gift-voucher-for-erotic-massage-for-women\/#breadcrumb\"},\"inLanguage\":\"en-US\",\"potentialAction\":[{\"@type\":\"ReadAction\",\"target\":[\"https:\/\/shop.massageerotic.cz\/en\/product\/gift-voucher-for-erotic-massage-for-women\/\"]}]},{\"@type\":\"ImageObject\",\"inLanguage\":\"en-US\",\"@id\":\"https:\/\/shop.massageerotic.cz\/en\/product\/gift-voucher-for-erotic-massage-for-women\/#primaryimage\",\"url\":\"https:\/\/shop.massageerotic.cz\/wp-content\/uploads\/2024\/02\/Massage-for-women.png\",\"contentUrl\":\"https:\/\/shop.massageerotic.cz\/wp-content\/uploads\/2024\/02\/Massage-for-women.png\",\"width\":2000,\"height\":2000,\"caption\":\"Massage for women\"},{\"@type\":\"BreadcrumbList\",\"@id\":\"https:\/\/shop.massageerotic.cz\/en\/product\/gift-voucher-for-erotic-massage-for-women\/#breadcrumb\",\"itemListElement\":[{\"@type\":\"ListItem\",\"position\":1,\"name\":\"Dom\u016f\",\"item\":\"https:\/\/shop.massageerotic.cz\/en\/\"},{\"@type\":\"ListItem\",\"position\":2,\"name\":\"Products\",\"item\":\"https:\/\/shop.massageerotic.cz\/en\/shop\/\"},{\"@type\":\"ListItem\",\"position\":3,\"name\":\"Gift voucher for erotic massage for women\"}]},{\"@type\":\"WebSite\",\"@id\":\"https:\/\/shop.massageerotic.cz\/en\/#website\",\"url\":\"https:\/\/shop.massageerotic.cz\/en\/\",\"name\":\"Tiffany Shop\",\"description\":\"D\u00e1rkov\u00e9 poukazy na erotick\u00e9 mas\u00e1\u017ee v Praze - Tiffany Shop\",\"publisher\":{\"@id\":\"https:\/\/shop.massageerotic.cz\/en\/#organization\"},\"potentialAction\":[{\"@type\":\"SearchAction\",\"target\":{\"@type\":\"EntryPoint\",\"urlTemplate\":\"https:\/\/shop.massageerotic.cz\/en\/?s={search_term_string}\"},\"query-input\":{\"@type\":\"PropertyValueSpecification\",\"valueRequired\":true,\"valueName\":\"search_term_string\"}}],\"inLanguage\":\"en-US\"},{\"@type\":[\"Organization\",\"Place\"],\"@id\":\"https:\/\/shop.massageerotic.cz\/en\/#organization\",\"name\":\"Tiffany Shop\",\"url\":\"https:\/\/shop.massageerotic.cz\/en\/\",\"logo\":{\"@id\":\"https:\/\/shop.massageerotic.cz\/en\/product\/gift-voucher-for-erotic-massage-for-women\/#local-main-organization-logo\"},\"image\":{\"@id\":\"https:\/\/shop.massageerotic.cz\/en\/product\/gift-voucher-for-erotic-massage-for-women\/#local-main-organization-logo\"},\"publishingPrinciples\":\"https:\/\/shop.massageerotic.cz\/zasady-ochrany-osobnich-udaju\/\",\"openingHoursSpecification\":[{\"@type\":\"OpeningHoursSpecification\",\"dayOfWeek\":[\"Monday\",\"Tuesday\",\"Wednesday\",\"Thursday\",\"Friday\",\"Saturday\",\"Sunday\"],\"opens\":\"09:00\",\"closes\":\"17:00\"}]},{\"@type\":\"ImageObject\",\"inLanguage\":\"en-US\",\"@id\":\"https:\/\/shop.massageerotic.cz\/en\/product\/gift-voucher-for-erotic-massage-for-women\/#local-main-organization-logo\",\"url\":\"https:\/\/shop.massageerotic.cz\/wp-content\/uploads\/2025\/04\/logo_tiffany.svg\",\"contentUrl\":\"https:\/\/shop.massageerotic.cz\/wp-content\/uploads\/2025\/04\/logo_tiffany.svg\",\"width\":244,\"height\":65,\"caption\":\"Tiffany Shop\"}]}<\/script>\n<meta property=\"og:availability\" content=\"instock\" \/>\n<meta property=\"product:availability\" content=\"instock\" \/>\n<meta property=\"product:condition\" content=\"new\" \/>\n<!-- \/ Yoast SEO Premium plugin. -->","yoast_head_json":{"title":"Gift voucher for erotic massage for women in Prague - Tiffany Shop","description":"Experience real pleasure, a beautiful and exceptional feeling. Erotic massage for women is a sensual, intense and relaxing massage.","robots":{"index":"index","follow":"follow","max-snippet":"max-snippet:-1","max-image-preview":"max-image-preview:large","max-video-preview":"max-video-preview:-1"},"canonical":"https:\/\/shop.massageerotic.cz\/en\/product\/gift-voucher-for-erotic-massage-for-women\/","og_locale":"en_US","og_type":"article","og_title":"Gift voucher for erotic massage for women","og_description":"Experience real pleasure, a beautiful and exceptional feeling. Erotic massage for women is a sensual, intense and relaxing massage.","og_url":"https:\/\/shop.massageerotic.cz\/en\/product\/gift-voucher-for-erotic-massage-for-women\/","og_site_name":"Tiffany Shop","article_modified_time":"2026-01-19T15:02:15+00:00","og_image":[{"width":2000,"height":2000,"url":"https:\/\/shop.massageerotic.cz\/wp-content\/uploads\/2024\/02\/Massage-for-women.png","type":"image\/png"}],"twitter_card":"summary_large_image","twitter_misc":{"Availability":"In stock"},"schema":{"@context":"https:\/\/schema.org","@graph":[{"@type":"WebPage","@id":"https:\/\/shop.massageerotic.cz\/en\/product\/gift-voucher-for-erotic-massage-for-women\/","url":"https:\/\/shop.massageerotic.cz\/en\/product\/gift-voucher-for-erotic-massage-for-women\/","name":"Gift voucher for erotic massage for women in Prague - Tiffany Shop","isPartOf":{"@id":"https:\/\/shop.massageerotic.cz\/en\/#website"},"primaryImageOfPage":{"@id":"https:\/\/shop.massageerotic.cz\/en\/product\/gift-voucher-for-erotic-massage-for-women\/#primaryimage"},"image":{"@id":"https:\/\/shop.massageerotic.cz\/en\/product\/gift-voucher-for-erotic-massage-for-women\/#primaryimage"},"thumbnailUrl":"https:\/\/shop.massageerotic.cz\/wp-content\/uploads\/2024\/02\/Massage-for-women.png","datePublished":"2024-02-14T11:27:14+00:00","dateModified":"2026-01-19T15:02:15+00:00","description":"Experience real pleasure, a beautiful and exceptional feeling. Erotic massage for women is a sensual, intense and relaxing massage.","breadcrumb":{"@id":"https:\/\/shop.massageerotic.cz\/en\/product\/gift-voucher-for-erotic-massage-for-women\/#breadcrumb"},"inLanguage":"en-US","potentialAction":[{"@type":"ReadAction","target":["https:\/\/shop.massageerotic.cz\/en\/product\/gift-voucher-for-erotic-massage-for-women\/"]}]},{"@type":"ImageObject","inLanguage":"en-US","@id":"https:\/\/shop.massageerotic.cz\/en\/product\/gift-voucher-for-erotic-massage-for-women\/#primaryimage","url":"https:\/\/shop.massageerotic.cz\/wp-content\/uploads\/2024\/02\/Massage-for-women.png","contentUrl":"https:\/\/shop.massageerotic.cz\/wp-content\/uploads\/2024\/02\/Massage-for-women.png","width":2000,"height":2000,"caption":"Massage for women"},{"@type":"BreadcrumbList","@id":"https:\/\/shop.massageerotic.cz\/en\/product\/gift-voucher-for-erotic-massage-for-women\/#breadcrumb","itemListElement":[{"@type":"ListItem","position":1,"name":"Dom\u016f","item":"https:\/\/shop.massageerotic.cz\/en\/"},{"@type":"ListItem","position":2,"name":"Products","item":"https:\/\/shop.massageerotic.cz\/en\/shop\/"},{"@type":"ListItem","position":3,"name":"Gift voucher for erotic massage for women"}]},{"@type":"WebSite","@id":"https:\/\/shop.massageerotic.cz\/en\/#website","url":"https:\/\/shop.massageerotic.cz\/en\/","name":"Tiffany Shop","description":"D\u00e1rkov\u00e9 poukazy na erotick\u00e9 mas\u00e1\u017ee v Praze - Tiffany Shop","publisher":{"@id":"https:\/\/shop.massageerotic.cz\/en\/#organization"},"potentialAction":[{"@type":"SearchAction","target":{"@type":"EntryPoint","urlTemplate":"https:\/\/shop.massageerotic.cz\/en\/?s={search_term_string}"},"query-input":{"@type":"PropertyValueSpecification","valueRequired":true,"valueName":"search_term_string"}}],"inLanguage":"en-US"},{"@type":["Organization","Place"],"@id":"https:\/\/shop.massageerotic.cz\/en\/#organization","name":"Tiffany Shop","url":"https:\/\/shop.massageerotic.cz\/en\/","logo":{"@id":"https:\/\/shop.massageerotic.cz\/en\/product\/gift-voucher-for-erotic-massage-for-women\/#local-main-organization-logo"},"image":{"@id":"https:\/\/shop.massageerotic.cz\/en\/product\/gift-voucher-for-erotic-massage-for-women\/#local-main-organization-logo"},"publishingPrinciples":"https:\/\/shop.massageerotic.cz\/zasady-ochrany-osobnich-udaju\/","openingHoursSpecification":[{"@type":"OpeningHoursSpecification","dayOfWeek":["Monday","Tuesday","Wednesday","Thursday","Friday","Saturday","Sunday"],"opens":"09:00","closes":"17:00"}]},{"@type":"ImageObject","inLanguage":"en-US","@id":"https:\/\/shop.massageerotic.cz\/en\/product\/gift-voucher-for-erotic-massage-for-women\/#local-main-organization-logo","url":"https:\/\/shop.massageerotic.cz\/wp-content\/uploads\/2025\/04\/logo_tiffany.svg","contentUrl":"https:\/\/shop.massageerotic.cz\/wp-content\/uploads\/2025\/04\/logo_tiffany.svg","width":244,"height":65,"caption":"Tiffany Shop"}]},"og_availability":"instock","product_availability":"instock","product_condition":"new"},"_links":{"self":[{"href":"https:\/\/shop.massageerotic.cz\/en\/wp-json\/wp\/v2\/product\/2557","targetHints":{"allow":["GET"]}}],"collection":[{"href":"https:\/\/shop.massageerotic.cz\/en\/wp-json\/wp\/v2\/product"}],"about":[{"href":"https:\/\/shop.massageerotic.cz\/en\/wp-json\/wp\/v2\/types\/product"}],"wp:featuredmedia":[{"embeddable":true,"href":"https:\/\/shop.massageerotic.cz\/en\/wp-json\/wp\/v2\/media\/4589"}],"wp:attachment":[{"href":"https:\/\/shop.massageerotic.cz\/en\/wp-json\/wp\/v2\/media?parent=2557"}],"wp:term":[{"taxonomy":"product_brand","embeddable":true,"href":"https:\/\/shop.massageerotic.cz\/en\/wp-json\/wp\/v2\/product_brand?post=2557"},{"taxonomy":"product_cat","embeddable":true,"href":"https:\/\/shop.massageerotic.cz\/en\/wp-json\/wp\/v2\/product_cat?post=2557"},{"taxonomy":"product_tag","embeddable":true,"href":"https:\/\/shop.massageerotic.cz\/en\/wp-json\/wp\/v2\/product_tag?post=2557"}],"curies":[{"name":"wp","href":"https:\/\/api.w.org\/{rel}","templated":true}]}}