{"id":2549,"date":"2024-02-14T11:29:36","date_gmt":"2024-02-14T11:29:36","guid":{"rendered":"https:\/\/shop.massageerotic.cz\/product\/darkovy-poukaz-na-bdsm-masaz\/"},"modified":"2026-01-19T15:06:01","modified_gmt":"2026-01-19T15:06:01","slug":"gift-voucher-for-bdsm-massage","status":"publish","type":"product","link":"https:\/\/shop.massageerotic.cz\/en\/product\/gift-voucher-for-bdsm-massage\/","title":{"rendered":"Gift voucher for BDSM massage"},"content":{"rendered":"","protected":false},"excerpt":{"rendered":"<p><span style=\"font-weight: 400;\">If you are tired of the classic erotic massage, you might want to try something new: try a massage with BDSM elements and let yourself be carried away by the waves of binding, stimulation and induction.<\/span><\/p>\n<p>&nbsp;<\/p>\n<h3><span style=\"font-weight: 400;\">The course of the massage:<\/span><\/h3>\n<ol>\n<li>Share a shower with a masseuse.<\/li>\n<li>Sensual full body massage with BDSM elements.<\/li>\n<li>Touching the masseuse is allowed.<\/li>\n<li>During the final part of the massage, the masseuse moves to the intimate parts, including the penis and testicles. The masseuse will massage you until you climax. The number of climaxes is not limited.<\/li>\n<li>After the final joint shower, enjoy free drinks (coffee, tea, alcohol) with the masseuse.<\/li>\n<\/ol>\n<div class=\"wpb_text_column\">\n<div class=\"wpb_wrapper\">\n<p>More information about <a href=\"https:\/\/massageerotic.cz\/massages\/bdsm-massage\/\">BDSM massage.<\/a><\/p>\n<\/div>\n<\/div>\n","protected":false},"featured_media":4591,"template":"","meta":{"_acf_changed":false},"product_brand":[],"product_cat":[54],"product_tag":[],"class_list":{"0":"post-2549","1":"product","2":"type-product","3":"status-publish","4":"has-post-thumbnail","6":"product_cat-gift-voucher","8":"first","9":"instock","10":"taxable","11":"shipping-taxable","12":"purchasable","13":"product-type-variable","14":"has-default-attributes"},"acf":[],"yoast_head":"<!-- This site is optimized with the Yoast SEO Premium plugin v22.3 (Yoast SEO v24.8.1) - https:\/\/yoast.com\/wordpress\/plugins\/seo\/ -->\n<title>Gift voucher for BDSM massage in Prague - Tiffany Shop<\/title>\n<meta name=\"description\" content=\"If you are tired of the classic erotic massage, you might want to try something new: try a massage with BDSM elements and let yourself be carried away by the waves of binding, stimulation and induction.\" \/>\n<meta name=\"robots\" content=\"index, follow, max-snippet:-1, max-image-preview:large, max-video-preview:-1\" \/>\n<link rel=\"canonical\" href=\"https:\/\/shop.massageerotic.cz\/en\/product\/gift-voucher-for-bdsm-massage\/\" \/>\n<meta property=\"og:locale\" content=\"en_US\" \/>\n<meta property=\"og:type\" content=\"article\" \/>\n<meta property=\"og:title\" content=\"Gift voucher for BDSM massage\" \/>\n<meta property=\"og:description\" content=\"If you are tired of the classic erotic massage, you might want to try something new: try a massage with BDSM elements and let yourself be carried away by the waves of binding, stimulation and induction.\" \/>\n<meta property=\"og:url\" content=\"https:\/\/shop.massageerotic.cz\/en\/product\/gift-voucher-for-bdsm-massage\/\" \/>\n<meta property=\"og:site_name\" content=\"Tiffany Shop\" \/>\n<meta property=\"article:modified_time\" content=\"2026-01-19T15:06:01+00:00\" \/>\n<meta property=\"og:image\" content=\"https:\/\/shop.massageerotic.cz\/wp-content\/uploads\/2024\/02\/BDSM-massage.png\" \/>\n\t<meta property=\"og:image:width\" content=\"2000\" \/>\n\t<meta property=\"og:image:height\" content=\"2000\" \/>\n\t<meta property=\"og:image:type\" content=\"image\/png\" \/>\n<meta name=\"twitter:card\" content=\"summary_large_image\" \/>\n<meta name=\"twitter:label1\" content=\"Availability\" \/>\n\t<meta name=\"twitter:data1\" content=\"In stock\" \/>\n<script type=\"application\/ld+json\" class=\"yoast-schema-graph\">{\"@context\":\"https:\/\/schema.org\",\"@graph\":[{\"@type\":\"WebPage\",\"@id\":\"https:\/\/shop.massageerotic.cz\/en\/product\/gift-voucher-for-bdsm-massage\/\",\"url\":\"https:\/\/shop.massageerotic.cz\/en\/product\/gift-voucher-for-bdsm-massage\/\",\"name\":\"Gift voucher for BDSM massage in Prague - Tiffany Shop\",\"isPartOf\":{\"@id\":\"https:\/\/shop.massageerotic.cz\/en\/#website\"},\"primaryImageOfPage\":{\"@id\":\"https:\/\/shop.massageerotic.cz\/en\/product\/gift-voucher-for-bdsm-massage\/#primaryimage\"},\"image\":{\"@id\":\"https:\/\/shop.massageerotic.cz\/en\/product\/gift-voucher-for-bdsm-massage\/#primaryimage\"},\"thumbnailUrl\":\"https:\/\/shop.massageerotic.cz\/wp-content\/uploads\/2024\/02\/BDSM-massage.png\",\"datePublished\":\"2024-02-14T11:29:36+00:00\",\"dateModified\":\"2026-01-19T15:06:01+00:00\",\"description\":\"If you are tired of the classic erotic massage, you might want to try something new: try a massage with BDSM elements and let yourself be carried away by the waves of binding, stimulation and induction.\",\"breadcrumb\":{\"@id\":\"https:\/\/shop.massageerotic.cz\/en\/product\/gift-voucher-for-bdsm-massage\/#breadcrumb\"},\"inLanguage\":\"en-US\",\"potentialAction\":[{\"@type\":\"ReadAction\",\"target\":[\"https:\/\/shop.massageerotic.cz\/en\/product\/gift-voucher-for-bdsm-massage\/\"]}]},{\"@type\":\"ImageObject\",\"inLanguage\":\"en-US\",\"@id\":\"https:\/\/shop.massageerotic.cz\/en\/product\/gift-voucher-for-bdsm-massage\/#primaryimage\",\"url\":\"https:\/\/shop.massageerotic.cz\/wp-content\/uploads\/2024\/02\/BDSM-massage.png\",\"contentUrl\":\"https:\/\/shop.massageerotic.cz\/wp-content\/uploads\/2024\/02\/BDSM-massage.png\",\"width\":2000,\"height\":2000},{\"@type\":\"BreadcrumbList\",\"@id\":\"https:\/\/shop.massageerotic.cz\/en\/product\/gift-voucher-for-bdsm-massage\/#breadcrumb\",\"itemListElement\":[{\"@type\":\"ListItem\",\"position\":1,\"name\":\"Dom\u016f\",\"item\":\"https:\/\/shop.massageerotic.cz\/en\/\"},{\"@type\":\"ListItem\",\"position\":2,\"name\":\"Products\",\"item\":\"https:\/\/shop.massageerotic.cz\/en\/shop\/\"},{\"@type\":\"ListItem\",\"position\":3,\"name\":\"Gift voucher for BDSM massage\"}]},{\"@type\":\"WebSite\",\"@id\":\"https:\/\/shop.massageerotic.cz\/en\/#website\",\"url\":\"https:\/\/shop.massageerotic.cz\/en\/\",\"name\":\"Tiffany Shop\",\"description\":\"D\u00e1rkov\u00e9 poukazy na erotick\u00e9 mas\u00e1\u017ee v Praze - Tiffany Shop\",\"publisher\":{\"@id\":\"https:\/\/shop.massageerotic.cz\/en\/#organization\"},\"potentialAction\":[{\"@type\":\"SearchAction\",\"target\":{\"@type\":\"EntryPoint\",\"urlTemplate\":\"https:\/\/shop.massageerotic.cz\/en\/?s={search_term_string}\"},\"query-input\":{\"@type\":\"PropertyValueSpecification\",\"valueRequired\":true,\"valueName\":\"search_term_string\"}}],\"inLanguage\":\"en-US\"},{\"@type\":[\"Organization\",\"Place\"],\"@id\":\"https:\/\/shop.massageerotic.cz\/en\/#organization\",\"name\":\"Tiffany Shop\",\"url\":\"https:\/\/shop.massageerotic.cz\/en\/\",\"logo\":{\"@id\":\"https:\/\/shop.massageerotic.cz\/en\/product\/gift-voucher-for-bdsm-massage\/#local-main-organization-logo\"},\"image\":{\"@id\":\"https:\/\/shop.massageerotic.cz\/en\/product\/gift-voucher-for-bdsm-massage\/#local-main-organization-logo\"},\"publishingPrinciples\":\"https:\/\/shop.massageerotic.cz\/zasady-ochrany-osobnich-udaju\/\",\"openingHoursSpecification\":[{\"@type\":\"OpeningHoursSpecification\",\"dayOfWeek\":[\"Monday\",\"Tuesday\",\"Wednesday\",\"Thursday\",\"Friday\",\"Saturday\",\"Sunday\"],\"opens\":\"09:00\",\"closes\":\"17:00\"}]},{\"@type\":\"ImageObject\",\"inLanguage\":\"en-US\",\"@id\":\"https:\/\/shop.massageerotic.cz\/en\/product\/gift-voucher-for-bdsm-massage\/#local-main-organization-logo\",\"url\":\"https:\/\/shop.massageerotic.cz\/wp-content\/uploads\/2025\/04\/logo_tiffany.svg\",\"contentUrl\":\"https:\/\/shop.massageerotic.cz\/wp-content\/uploads\/2025\/04\/logo_tiffany.svg\",\"width\":244,\"height\":65,\"caption\":\"Tiffany Shop\"}]}<\/script>\n<meta property=\"og:availability\" content=\"instock\" \/>\n<meta property=\"product:availability\" content=\"instock\" \/>\n<meta property=\"product:condition\" content=\"new\" \/>\n<!-- \/ Yoast SEO Premium plugin. -->","yoast_head_json":{"title":"Gift voucher for BDSM massage in Prague - Tiffany Shop","description":"If you are tired of the classic erotic massage, you might want to try something new: try a massage with BDSM elements and let yourself be carried away by the waves of binding, stimulation and induction.","robots":{"index":"index","follow":"follow","max-snippet":"max-snippet:-1","max-image-preview":"max-image-preview:large","max-video-preview":"max-video-preview:-1"},"canonical":"https:\/\/shop.massageerotic.cz\/en\/product\/gift-voucher-for-bdsm-massage\/","og_locale":"en_US","og_type":"article","og_title":"Gift voucher for BDSM massage","og_description":"If you are tired of the classic erotic massage, you might want to try something new: try a massage with BDSM elements and let yourself be carried away by the waves of binding, stimulation and induction.","og_url":"https:\/\/shop.massageerotic.cz\/en\/product\/gift-voucher-for-bdsm-massage\/","og_site_name":"Tiffany Shop","article_modified_time":"2026-01-19T15:06:01+00:00","og_image":[{"width":2000,"height":2000,"url":"https:\/\/shop.massageerotic.cz\/wp-content\/uploads\/2024\/02\/BDSM-massage.png","type":"image\/png"}],"twitter_card":"summary_large_image","twitter_misc":{"Availability":"In stock"},"schema":{"@context":"https:\/\/schema.org","@graph":[{"@type":"WebPage","@id":"https:\/\/shop.massageerotic.cz\/en\/product\/gift-voucher-for-bdsm-massage\/","url":"https:\/\/shop.massageerotic.cz\/en\/product\/gift-voucher-for-bdsm-massage\/","name":"Gift voucher for BDSM massage in Prague - Tiffany Shop","isPartOf":{"@id":"https:\/\/shop.massageerotic.cz\/en\/#website"},"primaryImageOfPage":{"@id":"https:\/\/shop.massageerotic.cz\/en\/product\/gift-voucher-for-bdsm-massage\/#primaryimage"},"image":{"@id":"https:\/\/shop.massageerotic.cz\/en\/product\/gift-voucher-for-bdsm-massage\/#primaryimage"},"thumbnailUrl":"https:\/\/shop.massageerotic.cz\/wp-content\/uploads\/2024\/02\/BDSM-massage.png","datePublished":"2024-02-14T11:29:36+00:00","dateModified":"2026-01-19T15:06:01+00:00","description":"If you are tired of the classic erotic massage, you might want to try something new: try a massage with BDSM elements and let yourself be carried away by the waves of binding, stimulation and induction.","breadcrumb":{"@id":"https:\/\/shop.massageerotic.cz\/en\/product\/gift-voucher-for-bdsm-massage\/#breadcrumb"},"inLanguage":"en-US","potentialAction":[{"@type":"ReadAction","target":["https:\/\/shop.massageerotic.cz\/en\/product\/gift-voucher-for-bdsm-massage\/"]}]},{"@type":"ImageObject","inLanguage":"en-US","@id":"https:\/\/shop.massageerotic.cz\/en\/product\/gift-voucher-for-bdsm-massage\/#primaryimage","url":"https:\/\/shop.massageerotic.cz\/wp-content\/uploads\/2024\/02\/BDSM-massage.png","contentUrl":"https:\/\/shop.massageerotic.cz\/wp-content\/uploads\/2024\/02\/BDSM-massage.png","width":2000,"height":2000},{"@type":"BreadcrumbList","@id":"https:\/\/shop.massageerotic.cz\/en\/product\/gift-voucher-for-bdsm-massage\/#breadcrumb","itemListElement":[{"@type":"ListItem","position":1,"name":"Dom\u016f","item":"https:\/\/shop.massageerotic.cz\/en\/"},{"@type":"ListItem","position":2,"name":"Products","item":"https:\/\/shop.massageerotic.cz\/en\/shop\/"},{"@type":"ListItem","position":3,"name":"Gift voucher for BDSM massage"}]},{"@type":"WebSite","@id":"https:\/\/shop.massageerotic.cz\/en\/#website","url":"https:\/\/shop.massageerotic.cz\/en\/","name":"Tiffany Shop","description":"D\u00e1rkov\u00e9 poukazy na erotick\u00e9 mas\u00e1\u017ee v Praze - Tiffany Shop","publisher":{"@id":"https:\/\/shop.massageerotic.cz\/en\/#organization"},"potentialAction":[{"@type":"SearchAction","target":{"@type":"EntryPoint","urlTemplate":"https:\/\/shop.massageerotic.cz\/en\/?s={search_term_string}"},"query-input":{"@type":"PropertyValueSpecification","valueRequired":true,"valueName":"search_term_string"}}],"inLanguage":"en-US"},{"@type":["Organization","Place"],"@id":"https:\/\/shop.massageerotic.cz\/en\/#organization","name":"Tiffany Shop","url":"https:\/\/shop.massageerotic.cz\/en\/","logo":{"@id":"https:\/\/shop.massageerotic.cz\/en\/product\/gift-voucher-for-bdsm-massage\/#local-main-organization-logo"},"image":{"@id":"https:\/\/shop.massageerotic.cz\/en\/product\/gift-voucher-for-bdsm-massage\/#local-main-organization-logo"},"publishingPrinciples":"https:\/\/shop.massageerotic.cz\/zasady-ochrany-osobnich-udaju\/","openingHoursSpecification":[{"@type":"OpeningHoursSpecification","dayOfWeek":["Monday","Tuesday","Wednesday","Thursday","Friday","Saturday","Sunday"],"opens":"09:00","closes":"17:00"}]},{"@type":"ImageObject","inLanguage":"en-US","@id":"https:\/\/shop.massageerotic.cz\/en\/product\/gift-voucher-for-bdsm-massage\/#local-main-organization-logo","url":"https:\/\/shop.massageerotic.cz\/wp-content\/uploads\/2025\/04\/logo_tiffany.svg","contentUrl":"https:\/\/shop.massageerotic.cz\/wp-content\/uploads\/2025\/04\/logo_tiffany.svg","width":244,"height":65,"caption":"Tiffany Shop"}]},"og_availability":"instock","product_availability":"instock","product_condition":"new"},"_links":{"self":[{"href":"https:\/\/shop.massageerotic.cz\/en\/wp-json\/wp\/v2\/product\/2549","targetHints":{"allow":["GET"]}}],"collection":[{"href":"https:\/\/shop.massageerotic.cz\/en\/wp-json\/wp\/v2\/product"}],"about":[{"href":"https:\/\/shop.massageerotic.cz\/en\/wp-json\/wp\/v2\/types\/product"}],"wp:featuredmedia":[{"embeddable":true,"href":"https:\/\/shop.massageerotic.cz\/en\/wp-json\/wp\/v2\/media\/4591"}],"wp:attachment":[{"href":"https:\/\/shop.massageerotic.cz\/en\/wp-json\/wp\/v2\/media?parent=2549"}],"wp:term":[{"taxonomy":"product_brand","embeddable":true,"href":"https:\/\/shop.massageerotic.cz\/en\/wp-json\/wp\/v2\/product_brand?post=2549"},{"taxonomy":"product_cat","embeddable":true,"href":"https:\/\/shop.massageerotic.cz\/en\/wp-json\/wp\/v2\/product_cat?post=2549"},{"taxonomy":"product_tag","embeddable":true,"href":"https:\/\/shop.massageerotic.cz\/en\/wp-json\/wp\/v2\/product_tag?post=2549"}],"curies":[{"name":"wp","href":"https:\/\/api.w.org\/{rel}","templated":true}]}}