{"id":2532,"date":"2024-02-14T11:33:20","date_gmt":"2024-02-14T11:33:20","guid":{"rendered":"https:\/\/shop.massageerotic.cz\/product\/dobrij-kalendar-na-2024-rik-u-troh-kolor\/"},"modified":"2026-01-19T15:12:15","modified_gmt":"2026-01-19T15:12:15","slug":"gift-voucher-for-pussycat-massage","status":"publish","type":"product","link":"https:\/\/shop.massageerotic.cz\/en\/product\/gift-voucher-for-pussycat-massage\/","title":{"rendered":"Gift voucher for pussycat massage"},"content":{"rendered":"","protected":false},"excerpt":{"rendered":"<p><span style=\"font-weight: 400;\">Pussycat massage combines all types of erotic massage into one. This is a full body massage where you can kiss the masseuse&#8217;s body in the 69 position.<\/span><\/p>\n<p>&nbsp;<\/p>\n<h3>The course of the massage:<\/h3>\n<div class=\"wpb_text_column\">\n<div class=\"wpb_wrapper\">\n<ol>\n<li>Pleasant erotic shower with a masseuse.<\/li>\n<li>Erotic massage with warm oil, when the masseuse combines various techniques of classic erotic massage, lingam and body massage. The masseuse is naked throughout the massage.<\/li>\n<li>You can touch and kiss the whole body of the masseuse.<\/li>\n<li>During the final part of the massage, the masseuse moves to the intimate parts. Massage of the penis and testicles is performed in position 69.<\/li>\n<li>After the final joint shower, enjoy free drinks (coffee, tea, alcohol) with the masseuse.<\/li>\n<\/ol>\n<div class=\"wpb_text_column\">\n<div class=\"wpb_wrapper\">\n<p>More information about <a href=\"https:\/\/massageerotic.cz\/massages\/pussycat-massage\/\">pussycat massage.<\/a><\/p>\n<\/div>\n<\/div>\n<\/div>\n<\/div>\n","protected":false},"featured_media":4599,"template":"","meta":{"_acf_changed":false},"product_brand":[],"product_cat":[54],"product_tag":[],"class_list":{"0":"post-2532","1":"product","2":"type-product","3":"status-publish","4":"has-post-thumbnail","6":"product_cat-gift-voucher","8":"first","9":"instock","10":"taxable","11":"shipping-taxable","12":"purchasable","13":"product-type-variable","14":"has-default-attributes"},"acf":[],"yoast_head":"<!-- This site is optimized with the Yoast SEO Premium plugin v22.3 (Yoast SEO v24.8.1) - https:\/\/yoast.com\/wordpress\/plugins\/seo\/ -->\n<title>Gift voucher for pussycat massage - Tiffany Shop<\/title>\n<meta name=\"description\" content=\"Pussycat massage combines all types of erotic massage into one. This is a full body massage where you can kiss the masseuse&#039;s body in the 69 position.\" \/>\n<meta name=\"robots\" content=\"index, follow, max-snippet:-1, max-image-preview:large, max-video-preview:-1\" \/>\n<link rel=\"canonical\" href=\"https:\/\/shop.massageerotic.cz\/en\/product\/gift-voucher-for-pussycat-massage\/\" \/>\n<meta property=\"og:locale\" content=\"en_US\" \/>\n<meta property=\"og:type\" content=\"article\" \/>\n<meta property=\"og:title\" content=\"Gift voucher for pussycat massage\" \/>\n<meta property=\"og:description\" content=\"Pussycat massage combines all types of erotic massage into one. This is a full body massage where you can kiss the masseuse&#039;s body in the 69 position.\" \/>\n<meta property=\"og:url\" content=\"https:\/\/shop.massageerotic.cz\/en\/product\/gift-voucher-for-pussycat-massage\/\" \/>\n<meta property=\"og:site_name\" content=\"Tiffany Shop\" \/>\n<meta property=\"article:modified_time\" content=\"2026-01-19T15:12:15+00:00\" \/>\n<meta property=\"og:image\" content=\"https:\/\/shop.massageerotic.cz\/wp-content\/uploads\/2024\/02\/Pussycat-massage.png\" \/>\n\t<meta property=\"og:image:width\" content=\"2000\" \/>\n\t<meta property=\"og:image:height\" content=\"2000\" \/>\n\t<meta property=\"og:image:type\" content=\"image\/png\" \/>\n<meta name=\"twitter:card\" content=\"summary_large_image\" \/>\n<meta name=\"twitter:label1\" content=\"Availability\" \/>\n\t<meta name=\"twitter:data1\" content=\"In stock\" \/>\n<script type=\"application\/ld+json\" class=\"yoast-schema-graph\">{\"@context\":\"https:\/\/schema.org\",\"@graph\":[{\"@type\":\"WebPage\",\"@id\":\"https:\/\/shop.massageerotic.cz\/en\/product\/gift-voucher-for-pussycat-massage\/\",\"url\":\"https:\/\/shop.massageerotic.cz\/en\/product\/gift-voucher-for-pussycat-massage\/\",\"name\":\"Gift voucher for pussycat massage - Tiffany Shop\",\"isPartOf\":{\"@id\":\"https:\/\/shop.massageerotic.cz\/en\/#website\"},\"primaryImageOfPage\":{\"@id\":\"https:\/\/shop.massageerotic.cz\/en\/product\/gift-voucher-for-pussycat-massage\/#primaryimage\"},\"image\":{\"@id\":\"https:\/\/shop.massageerotic.cz\/en\/product\/gift-voucher-for-pussycat-massage\/#primaryimage\"},\"thumbnailUrl\":\"https:\/\/shop.massageerotic.cz\/wp-content\/uploads\/2024\/02\/Pussycat-massage.png\",\"datePublished\":\"2024-02-14T11:33:20+00:00\",\"dateModified\":\"2026-01-19T15:12:15+00:00\",\"description\":\"Pussycat massage combines all types of erotic massage into one. This is a full body massage where you can kiss the masseuse's body in the 69 position.\",\"breadcrumb\":{\"@id\":\"https:\/\/shop.massageerotic.cz\/en\/product\/gift-voucher-for-pussycat-massage\/#breadcrumb\"},\"inLanguage\":\"en-US\",\"potentialAction\":[{\"@type\":\"ReadAction\",\"target\":[\"https:\/\/shop.massageerotic.cz\/en\/product\/gift-voucher-for-pussycat-massage\/\"]}]},{\"@type\":\"ImageObject\",\"inLanguage\":\"en-US\",\"@id\":\"https:\/\/shop.massageerotic.cz\/en\/product\/gift-voucher-for-pussycat-massage\/#primaryimage\",\"url\":\"https:\/\/shop.massageerotic.cz\/wp-content\/uploads\/2024\/02\/Pussycat-massage.png\",\"contentUrl\":\"https:\/\/shop.massageerotic.cz\/wp-content\/uploads\/2024\/02\/Pussycat-massage.png\",\"width\":2000,\"height\":2000},{\"@type\":\"BreadcrumbList\",\"@id\":\"https:\/\/shop.massageerotic.cz\/en\/product\/gift-voucher-for-pussycat-massage\/#breadcrumb\",\"itemListElement\":[{\"@type\":\"ListItem\",\"position\":1,\"name\":\"Dom\u016f\",\"item\":\"https:\/\/shop.massageerotic.cz\/en\/\"},{\"@type\":\"ListItem\",\"position\":2,\"name\":\"Products\",\"item\":\"https:\/\/shop.massageerotic.cz\/en\/shop\/\"},{\"@type\":\"ListItem\",\"position\":3,\"name\":\"Gift voucher for pussycat massage\"}]},{\"@type\":\"WebSite\",\"@id\":\"https:\/\/shop.massageerotic.cz\/en\/#website\",\"url\":\"https:\/\/shop.massageerotic.cz\/en\/\",\"name\":\"Tiffany Shop\",\"description\":\"D\u00e1rkov\u00e9 poukazy na erotick\u00e9 mas\u00e1\u017ee v Praze - Tiffany Shop\",\"publisher\":{\"@id\":\"https:\/\/shop.massageerotic.cz\/en\/#organization\"},\"potentialAction\":[{\"@type\":\"SearchAction\",\"target\":{\"@type\":\"EntryPoint\",\"urlTemplate\":\"https:\/\/shop.massageerotic.cz\/en\/?s={search_term_string}\"},\"query-input\":{\"@type\":\"PropertyValueSpecification\",\"valueRequired\":true,\"valueName\":\"search_term_string\"}}],\"inLanguage\":\"en-US\"},{\"@type\":[\"Organization\",\"Place\"],\"@id\":\"https:\/\/shop.massageerotic.cz\/en\/#organization\",\"name\":\"Tiffany Shop\",\"url\":\"https:\/\/shop.massageerotic.cz\/en\/\",\"logo\":{\"@id\":\"https:\/\/shop.massageerotic.cz\/en\/product\/gift-voucher-for-pussycat-massage\/#local-main-organization-logo\"},\"image\":{\"@id\":\"https:\/\/shop.massageerotic.cz\/en\/product\/gift-voucher-for-pussycat-massage\/#local-main-organization-logo\"},\"publishingPrinciples\":\"https:\/\/shop.massageerotic.cz\/zasady-ochrany-osobnich-udaju\/\",\"openingHoursSpecification\":[{\"@type\":\"OpeningHoursSpecification\",\"dayOfWeek\":[\"Monday\",\"Tuesday\",\"Wednesday\",\"Thursday\",\"Friday\",\"Saturday\",\"Sunday\"],\"opens\":\"09:00\",\"closes\":\"17:00\"}]},{\"@type\":\"ImageObject\",\"inLanguage\":\"en-US\",\"@id\":\"https:\/\/shop.massageerotic.cz\/en\/product\/gift-voucher-for-pussycat-massage\/#local-main-organization-logo\",\"url\":\"https:\/\/shop.massageerotic.cz\/wp-content\/uploads\/2025\/04\/logo_tiffany.svg\",\"contentUrl\":\"https:\/\/shop.massageerotic.cz\/wp-content\/uploads\/2025\/04\/logo_tiffany.svg\",\"width\":244,\"height\":65,\"caption\":\"Tiffany Shop\"}]}<\/script>\n<meta property=\"og:availability\" content=\"instock\" \/>\n<meta property=\"product:availability\" content=\"instock\" \/>\n<meta property=\"product:condition\" content=\"new\" \/>\n<!-- \/ Yoast SEO Premium plugin. -->","yoast_head_json":{"title":"Gift voucher for pussycat massage - Tiffany Shop","description":"Pussycat massage combines all types of erotic massage into one. This is a full body massage where you can kiss the masseuse's body in the 69 position.","robots":{"index":"index","follow":"follow","max-snippet":"max-snippet:-1","max-image-preview":"max-image-preview:large","max-video-preview":"max-video-preview:-1"},"canonical":"https:\/\/shop.massageerotic.cz\/en\/product\/gift-voucher-for-pussycat-massage\/","og_locale":"en_US","og_type":"article","og_title":"Gift voucher for pussycat massage","og_description":"Pussycat massage combines all types of erotic massage into one. This is a full body massage where you can kiss the masseuse's body in the 69 position.","og_url":"https:\/\/shop.massageerotic.cz\/en\/product\/gift-voucher-for-pussycat-massage\/","og_site_name":"Tiffany Shop","article_modified_time":"2026-01-19T15:12:15+00:00","og_image":[{"width":2000,"height":2000,"url":"https:\/\/shop.massageerotic.cz\/wp-content\/uploads\/2024\/02\/Pussycat-massage.png","type":"image\/png"}],"twitter_card":"summary_large_image","twitter_misc":{"Availability":"In stock"},"schema":{"@context":"https:\/\/schema.org","@graph":[{"@type":"WebPage","@id":"https:\/\/shop.massageerotic.cz\/en\/product\/gift-voucher-for-pussycat-massage\/","url":"https:\/\/shop.massageerotic.cz\/en\/product\/gift-voucher-for-pussycat-massage\/","name":"Gift voucher for pussycat massage - Tiffany Shop","isPartOf":{"@id":"https:\/\/shop.massageerotic.cz\/en\/#website"},"primaryImageOfPage":{"@id":"https:\/\/shop.massageerotic.cz\/en\/product\/gift-voucher-for-pussycat-massage\/#primaryimage"},"image":{"@id":"https:\/\/shop.massageerotic.cz\/en\/product\/gift-voucher-for-pussycat-massage\/#primaryimage"},"thumbnailUrl":"https:\/\/shop.massageerotic.cz\/wp-content\/uploads\/2024\/02\/Pussycat-massage.png","datePublished":"2024-02-14T11:33:20+00:00","dateModified":"2026-01-19T15:12:15+00:00","description":"Pussycat massage combines all types of erotic massage into one. This is a full body massage where you can kiss the masseuse's body in the 69 position.","breadcrumb":{"@id":"https:\/\/shop.massageerotic.cz\/en\/product\/gift-voucher-for-pussycat-massage\/#breadcrumb"},"inLanguage":"en-US","potentialAction":[{"@type":"ReadAction","target":["https:\/\/shop.massageerotic.cz\/en\/product\/gift-voucher-for-pussycat-massage\/"]}]},{"@type":"ImageObject","inLanguage":"en-US","@id":"https:\/\/shop.massageerotic.cz\/en\/product\/gift-voucher-for-pussycat-massage\/#primaryimage","url":"https:\/\/shop.massageerotic.cz\/wp-content\/uploads\/2024\/02\/Pussycat-massage.png","contentUrl":"https:\/\/shop.massageerotic.cz\/wp-content\/uploads\/2024\/02\/Pussycat-massage.png","width":2000,"height":2000},{"@type":"BreadcrumbList","@id":"https:\/\/shop.massageerotic.cz\/en\/product\/gift-voucher-for-pussycat-massage\/#breadcrumb","itemListElement":[{"@type":"ListItem","position":1,"name":"Dom\u016f","item":"https:\/\/shop.massageerotic.cz\/en\/"},{"@type":"ListItem","position":2,"name":"Products","item":"https:\/\/shop.massageerotic.cz\/en\/shop\/"},{"@type":"ListItem","position":3,"name":"Gift voucher for pussycat massage"}]},{"@type":"WebSite","@id":"https:\/\/shop.massageerotic.cz\/en\/#website","url":"https:\/\/shop.massageerotic.cz\/en\/","name":"Tiffany Shop","description":"D\u00e1rkov\u00e9 poukazy na erotick\u00e9 mas\u00e1\u017ee v Praze - Tiffany Shop","publisher":{"@id":"https:\/\/shop.massageerotic.cz\/en\/#organization"},"potentialAction":[{"@type":"SearchAction","target":{"@type":"EntryPoint","urlTemplate":"https:\/\/shop.massageerotic.cz\/en\/?s={search_term_string}"},"query-input":{"@type":"PropertyValueSpecification","valueRequired":true,"valueName":"search_term_string"}}],"inLanguage":"en-US"},{"@type":["Organization","Place"],"@id":"https:\/\/shop.massageerotic.cz\/en\/#organization","name":"Tiffany Shop","url":"https:\/\/shop.massageerotic.cz\/en\/","logo":{"@id":"https:\/\/shop.massageerotic.cz\/en\/product\/gift-voucher-for-pussycat-massage\/#local-main-organization-logo"},"image":{"@id":"https:\/\/shop.massageerotic.cz\/en\/product\/gift-voucher-for-pussycat-massage\/#local-main-organization-logo"},"publishingPrinciples":"https:\/\/shop.massageerotic.cz\/zasady-ochrany-osobnich-udaju\/","openingHoursSpecification":[{"@type":"OpeningHoursSpecification","dayOfWeek":["Monday","Tuesday","Wednesday","Thursday","Friday","Saturday","Sunday"],"opens":"09:00","closes":"17:00"}]},{"@type":"ImageObject","inLanguage":"en-US","@id":"https:\/\/shop.massageerotic.cz\/en\/product\/gift-voucher-for-pussycat-massage\/#local-main-organization-logo","url":"https:\/\/shop.massageerotic.cz\/wp-content\/uploads\/2025\/04\/logo_tiffany.svg","contentUrl":"https:\/\/shop.massageerotic.cz\/wp-content\/uploads\/2025\/04\/logo_tiffany.svg","width":244,"height":65,"caption":"Tiffany Shop"}]},"og_availability":"instock","product_availability":"instock","product_condition":"new"},"_links":{"self":[{"href":"https:\/\/shop.massageerotic.cz\/en\/wp-json\/wp\/v2\/product\/2532","targetHints":{"allow":["GET"]}}],"collection":[{"href":"https:\/\/shop.massageerotic.cz\/en\/wp-json\/wp\/v2\/product"}],"about":[{"href":"https:\/\/shop.massageerotic.cz\/en\/wp-json\/wp\/v2\/types\/product"}],"wp:featuredmedia":[{"embeddable":true,"href":"https:\/\/shop.massageerotic.cz\/en\/wp-json\/wp\/v2\/media\/4599"}],"wp:attachment":[{"href":"https:\/\/shop.massageerotic.cz\/en\/wp-json\/wp\/v2\/media?parent=2532"}],"wp:term":[{"taxonomy":"product_brand","embeddable":true,"href":"https:\/\/shop.massageerotic.cz\/en\/wp-json\/wp\/v2\/product_brand?post=2532"},{"taxonomy":"product_cat","embeddable":true,"href":"https:\/\/shop.massageerotic.cz\/en\/wp-json\/wp\/v2\/product_cat?post=2532"},{"taxonomy":"product_tag","embeddable":true,"href":"https:\/\/shop.massageerotic.cz\/en\/wp-json\/wp\/v2\/product_tag?post=2532"}],"curies":[{"name":"wp","href":"https:\/\/api.w.org\/{rel}","templated":true}]}}